{"id":2352,"date":"2023-07-18T10:57:49","date_gmt":"2023-07-18T10:57:49","guid":{"rendered":"https:\/\/themexriver.com\/wp\/haptic-wp\/?post_type=product&amp;p=2352"},"modified":"2023-07-18T10:57:49","modified_gmt":"2023-07-18T10:57:49","slug":"jeans-pant","status":"publish","type":"product","link":"https:\/\/webisoft.tn\/fr\/produit\/jeans-pant\/","title":{"rendered":"Jeans Pant"},"content":{"rendered":"<p>Pellentesque habitant morbi tristique senectus et netus et malesuada fames ac turpis egestas. Vestibulum tortor quam, feugiat vitae, ultricies eget, tempor sit amet, ante. Donec eu libero sit amet quam egestas semper. Aenean ultricies mi vitae est. Mauris placerat eleifend leo.<\/p>","protected":false},"excerpt":{"rendered":"<p>Our small, flexible, agile and design-led structures and processes allow us to be highly responsive and innovative. We\u2019re made of passionate leaders, strategists, managers.<\/p>","protected":false},"featured_media":2358,"comment_status":"open","ping_status":"closed","template":"","meta":[],"product_brand":[],"product_cat":[32],"product_tag":[29,51],"class_list":{"0":"post-2352","1":"product","2":"type-product","3":"status-publish","4":"has-post-thumbnail","6":"product_cat-decor","7":"product_tag-best","8":"product_tag-technology","10":"first","11":"instock","12":"shipping-taxable","13":"product-type-external"},"yoast_head":"<!-- This site is optimized with the Yoast SEO Premium plugin v26.3 (Yoast SEO v26.3) - https:\/\/yoast.com\/wordpress\/plugins\/seo\/ -->\n<title>Jeans Pant - webisoft<\/title>\n<meta name=\"robots\" content=\"index, follow, max-snippet:-1, max-image-preview:large, max-video-preview:-1\" \/>\n<link rel=\"canonical\" href=\"https:\/\/webisoft.tn\/fr\/produit\/jeans-pant\/\" \/>\n<meta property=\"og:locale\" content=\"fr_FR\" \/>\n<meta property=\"og:type\" content=\"article\" \/>\n<meta property=\"og:title\" content=\"Jeans Pant\" \/>\n<meta property=\"og:description\" content=\"Our small, flexible, agile and design-led structures and processes allow us to be highly responsive and innovative. We\u2019re made of passionate leaders, strategists, managers.\" \/>\n<meta property=\"og:url\" content=\"https:\/\/webisoft.tn\/fr\/produit\/jeans-pant\/\" \/>\n<meta property=\"og:site_name\" content=\"webisoft\" \/>\n<meta property=\"article:publisher\" content=\"https:\/\/www.facebook.com\/webisoft.tn\" \/>\n<meta property=\"og:image\" content=\"https:\/\/webisoft.tn\/wp-content\/uploads\/2025\/02\/OXYGeNE.jpg\" \/>\n\t<meta property=\"og:image:width\" content=\"1024\" \/>\n\t<meta property=\"og:image:height\" content=\"853\" \/>\n\t<meta property=\"og:image:type\" content=\"image\/jpeg\" \/>\n<meta name=\"twitter:card\" content=\"summary_large_image\" \/>\n<script type=\"application\/ld+json\" class=\"yoast-schema-graph\">{\"@context\":\"https:\/\/schema.org\",\"@graph\":[{\"@type\":\"WebPage\",\"@id\":\"https:\/\/webisoft.tn\/produit\/jeans-pant\/\",\"url\":\"https:\/\/webisoft.tn\/produit\/jeans-pant\/\",\"name\":\"Jeans Pant - webisoft\",\"isPartOf\":{\"@id\":\"https:\/\/webisoft.tn\/#website\"},\"primaryImageOfPage\":{\"@id\":\"https:\/\/webisoft.tn\/produit\/jeans-pant\/#primaryimage\"},\"image\":{\"@id\":\"https:\/\/webisoft.tn\/produit\/jeans-pant\/#primaryimage\"},\"thumbnailUrl\":\"\",\"datePublished\":\"2023-07-18T10:57:49+00:00\",\"breadcrumb\":{\"@id\":\"https:\/\/webisoft.tn\/produit\/jeans-pant\/#breadcrumb\"},\"inLanguage\":\"fr-FR\",\"potentialAction\":[{\"@type\":\"ReadAction\",\"target\":[\"https:\/\/webisoft.tn\/produit\/jeans-pant\/\"]}]},{\"@type\":\"ImageObject\",\"inLanguage\":\"fr-FR\",\"@id\":\"https:\/\/webisoft.tn\/produit\/jeans-pant\/#primaryimage\",\"url\":\"\",\"contentUrl\":\"\"},{\"@type\":\"BreadcrumbList\",\"@id\":\"https:\/\/webisoft.tn\/produit\/jeans-pant\/#breadcrumb\",\"itemListElement\":[{\"@type\":\"ListItem\",\"position\":1,\"name\":\"Accueil\",\"item\":\"https:\/\/webisoft.tn\/\"},{\"@type\":\"ListItem\",\"position\":2,\"name\":\"Produits\",\"item\":\"https:\/\/webisoft.tn\/shop\/\"},{\"@type\":\"ListItem\",\"position\":3,\"name\":\"Jeans Pant\"}]},{\"@type\":\"WebSite\",\"@id\":\"https:\/\/webisoft.tn\/#website\",\"url\":\"https:\/\/webisoft.tn\/\",\"name\":\"WEBISOFT-Agence de communication en Tunisie\",\"description\":\"Agence de communication &amp; cr\u00e9ation de sites web en Tunisie\",\"publisher\":{\"@id\":\"https:\/\/webisoft.tn\/#organization\"},\"alternateName\":\"webisoft\",\"potentialAction\":[{\"@type\":\"SearchAction\",\"target\":{\"@type\":\"EntryPoint\",\"urlTemplate\":\"https:\/\/webisoft.tn\/?s={search_term_string}\"},\"query-input\":{\"@type\":\"PropertyValueSpecification\",\"valueRequired\":true,\"valueName\":\"search_term_string\"}}],\"inLanguage\":\"fr-FR\"},{\"@type\":[\"Organization\",\"Place\"],\"@id\":\"https:\/\/webisoft.tn\/#organization\",\"name\":\"WEBISOFT\",\"alternateName\":\"Agence de communication en Tunisie\",\"url\":\"https:\/\/webisoft.tn\/\",\"logo\":{\"@id\":\"https:\/\/webisoft.tn\/produit\/jeans-pant\/#local-main-organization-logo\"},\"image\":{\"@id\":\"https:\/\/webisoft.tn\/produit\/jeans-pant\/#local-main-organization-logo\"},\"sameAs\":[\"https:\/\/www.facebook.com\/webisoft.tn\",\"https:\/\/www.instagram.com\/webi_soft\/\"],\"description\":\"Bienvenue chez Webisoft, votre partenaire cr\u00e9atif en Tunisie. Notre agence combine design web, d\u00e9veloppement et marketing digital pour concevoir des exp\u00e9riences en ligne sur mesure. Avec une \u00e9quipe passionn\u00e9e, nous allions imagination et expertise technique pour booster votre visibilit\u00e9 et faire grandir votre entreprise sur le web.\",\"telephone\":[],\"openingHoursSpecification\":[{\"@type\":\"OpeningHoursSpecification\",\"dayOfWeek\":[\"Monday\",\"Tuesday\",\"Wednesday\",\"Thursday\",\"Friday\",\"Saturday\",\"Sunday\"],\"opens\":\"09:00\",\"closes\":\"17:00\"}]},{\"@type\":\"ImageObject\",\"inLanguage\":\"fr-FR\",\"@id\":\"https:\/\/webisoft.tn\/produit\/jeans-pant\/#local-main-organization-logo\",\"url\":\"https:\/\/webisoft.tn\/wp-content\/uploads\/2023\/08\/LOGO-Webisoft.png\",\"contentUrl\":\"https:\/\/webisoft.tn\/wp-content\/uploads\/2023\/08\/LOGO-Webisoft.png\",\"width\":1901,\"height\":1488,\"caption\":\"WEBISOFT\"}]}<\/script>\n<!-- \/ Yoast SEO Premium plugin. -->","yoast_head_json":{"title":"Jeans Pant - webisoft","robots":{"index":"index","follow":"follow","max-snippet":"max-snippet:-1","max-image-preview":"max-image-preview:large","max-video-preview":"max-video-preview:-1"},"canonical":"https:\/\/webisoft.tn\/fr\/produit\/jeans-pant\/","og_locale":"fr_FR","og_type":"article","og_title":"Jeans Pant","og_description":"Our small, flexible, agile and design-led structures and processes allow us to be highly responsive and innovative. We\u2019re made of passionate leaders, strategists, managers.","og_url":"https:\/\/webisoft.tn\/fr\/produit\/jeans-pant\/","og_site_name":"webisoft","article_publisher":"https:\/\/www.facebook.com\/webisoft.tn","og_image":[{"width":1024,"height":853,"url":"https:\/\/webisoft.tn\/wp-content\/uploads\/2025\/02\/OXYGeNE.jpg","type":"image\/jpeg"}],"twitter_card":"summary_large_image","schema":{"@context":"https:\/\/schema.org","@graph":[{"@type":"WebPage","@id":"https:\/\/webisoft.tn\/produit\/jeans-pant\/","url":"https:\/\/webisoft.tn\/produit\/jeans-pant\/","name":"Jeans Pant - webisoft","isPartOf":{"@id":"https:\/\/webisoft.tn\/#website"},"primaryImageOfPage":{"@id":"https:\/\/webisoft.tn\/produit\/jeans-pant\/#primaryimage"},"image":{"@id":"https:\/\/webisoft.tn\/produit\/jeans-pant\/#primaryimage"},"thumbnailUrl":"","datePublished":"2023-07-18T10:57:49+00:00","breadcrumb":{"@id":"https:\/\/webisoft.tn\/produit\/jeans-pant\/#breadcrumb"},"inLanguage":"fr-FR","potentialAction":[{"@type":"ReadAction","target":["https:\/\/webisoft.tn\/produit\/jeans-pant\/"]}]},{"@type":"ImageObject","inLanguage":"fr-FR","@id":"https:\/\/webisoft.tn\/produit\/jeans-pant\/#primaryimage","url":"","contentUrl":""},{"@type":"BreadcrumbList","@id":"https:\/\/webisoft.tn\/produit\/jeans-pant\/#breadcrumb","itemListElement":[{"@type":"ListItem","position":1,"name":"Accueil","item":"https:\/\/webisoft.tn\/"},{"@type":"ListItem","position":2,"name":"Produits","item":"https:\/\/webisoft.tn\/shop\/"},{"@type":"ListItem","position":3,"name":"Jeans Pant"}]},{"@type":"WebSite","@id":"https:\/\/webisoft.tn\/#website","url":"https:\/\/webisoft.tn\/","name":"WEBISOFT-Agence de communication en Tunisie","description":"Agence de communication &amp; cr\u00e9ation de sites web en Tunisie","publisher":{"@id":"https:\/\/webisoft.tn\/#organization"},"alternateName":"webisoft","potentialAction":[{"@type":"SearchAction","target":{"@type":"EntryPoint","urlTemplate":"https:\/\/webisoft.tn\/?s={search_term_string}"},"query-input":{"@type":"PropertyValueSpecification","valueRequired":true,"valueName":"search_term_string"}}],"inLanguage":"fr-FR"},{"@type":["Organization","Place"],"@id":"https:\/\/webisoft.tn\/#organization","name":"WEBISOFT","alternateName":"Agence de communication en Tunisie","url":"https:\/\/webisoft.tn\/","logo":{"@id":"https:\/\/webisoft.tn\/produit\/jeans-pant\/#local-main-organization-logo"},"image":{"@id":"https:\/\/webisoft.tn\/produit\/jeans-pant\/#local-main-organization-logo"},"sameAs":["https:\/\/www.facebook.com\/webisoft.tn","https:\/\/www.instagram.com\/webi_soft\/"],"description":"Bienvenue chez Webisoft, votre partenaire cr\u00e9atif en Tunisie. Notre agence combine design web, d\u00e9veloppement et marketing digital pour concevoir des exp\u00e9riences en ligne sur mesure. Avec une \u00e9quipe passionn\u00e9e, nous allions imagination et expertise technique pour booster votre visibilit\u00e9 et faire grandir votre entreprise sur le web.","telephone":[],"openingHoursSpecification":[{"@type":"OpeningHoursSpecification","dayOfWeek":["Monday","Tuesday","Wednesday","Thursday","Friday","Saturday","Sunday"],"opens":"09:00","closes":"17:00"}]},{"@type":"ImageObject","inLanguage":"fr-FR","@id":"https:\/\/webisoft.tn\/produit\/jeans-pant\/#local-main-organization-logo","url":"https:\/\/webisoft.tn\/wp-content\/uploads\/2023\/08\/LOGO-Webisoft.png","contentUrl":"https:\/\/webisoft.tn\/wp-content\/uploads\/2023\/08\/LOGO-Webisoft.png","width":1901,"height":1488,"caption":"WEBISOFT"}]}},"_links":{"self":[{"href":"https:\/\/webisoft.tn\/fr\/wp-json\/wp\/v2\/product\/2352","targetHints":{"allow":["GET"]}}],"collection":[{"href":"https:\/\/webisoft.tn\/fr\/wp-json\/wp\/v2\/product"}],"about":[{"href":"https:\/\/webisoft.tn\/fr\/wp-json\/wp\/v2\/types\/product"}],"replies":[{"embeddable":true,"href":"https:\/\/webisoft.tn\/fr\/wp-json\/wp\/v2\/comments?post=2352"}],"wp:featuredmedia":[{"embeddable":true,"href":"https:\/\/webisoft.tn\/fr\/wp-json\/"}],"wp:attachment":[{"href":"https:\/\/webisoft.tn\/fr\/wp-json\/wp\/v2\/media?parent=2352"}],"wp:term":[{"taxonomy":"product_brand","embeddable":true,"href":"https:\/\/webisoft.tn\/fr\/wp-json\/wp\/v2\/product_brand?post=2352"},{"taxonomy":"product_cat","embeddable":true,"href":"https:\/\/webisoft.tn\/fr\/wp-json\/wp\/v2\/product_cat?post=2352"},{"taxonomy":"product_tag","embeddable":true,"href":"https:\/\/webisoft.tn\/fr\/wp-json\/wp\/v2\/product_tag?post=2352"}],"curies":[{"name":"wp","href":"https:\/\/api.w.org\/{rel}","templated":true}]}}