{"id":2178,"date":"2023-07-18T08:29:32","date_gmt":"2023-07-18T08:29:32","guid":{"rendered":"https:\/\/themexriver.com\/wp\/haptic-wp\/?page_id=2178"},"modified":"2023-07-18T08:29:32","modified_gmt":"2023-07-18T08:29:32","slug":"blog-two","status":"publish","type":"page","link":"https:\/\/webisoft.tn\/fr\/blog-two\/","title":{"rendered":"Blog Two"},"content":{"rendered":"<div data-elementor-type=\"wp-page\" data-elementor-id=\"2178\" class=\"elementor elementor-2178\">\n\t\t\t\t\t\t<section class=\"elementor-section elementor-top-section elementor-element elementor-element-ecb2de0 elementor-section-boxed elementor-section-height-default elementor-section-height-default\" data-id=\"ecb2de0\" data-element_type=\"section\" data-settings=\"{&quot;background_background&quot;:&quot;classic&quot;}\">\n\t\t\t\t\t\t\t<div class=\"elementor-background-overlay\"><\/div>\n\t\t\t\t\t\t\t<div class=\"elementor-container elementor-column-gap-no\">\n\t\t\t\t\t<div class=\"elementor-column elementor-col-100 elementor-top-column elementor-element elementor-element-f4a7133\" data-id=\"f4a7133\" data-element_type=\"column\">\n\t\t\t<div class=\"elementor-widget-wrap elementor-element-populated\">\n\t\t\t\t\t\t<div class=\"elementor-element elementor-element-9917250 elementor-widget elementor-widget-bings-breadcrumb\" data-id=\"9917250\" data-element_type=\"widget\" data-widget_type=\"bings-breadcrumb.default\">\n\t\t\t\t<div class=\"elementor-widget-container\">\n\t\t\t\t\t    <div class=\"bi-breadcrumbs-content headline ul-li text-center\">\n\t\t<h1 class=\"page-heading\">Blog Two<\/h1>\n        <ul>\n            webisoft<li class=\"breadcrumb-item\"><a href=\"https:\/\/webisoft.tn\/fr\/\">Accueil &nbsp;<\/a><\/li><li class=\"breadcrumb-item\"><a href=\"https:\/\/webisoft.tn\/fr\/blog-two\/\"><\/a><\/li>        <\/ul>\n    <\/div>\n    \t\t\t\t<\/div>\n\t\t\t\t<\/div>\n\t\t\t\t\t<\/div>\n\t\t<\/div>\n\t\t\t\t\t<\/div>\n\t\t<\/section>\n\t\t\t\t<section class=\"elementor-section elementor-top-section elementor-element elementor-element-1334a0c elementor-section-boxed elementor-section-height-default elementor-section-height-default\" data-id=\"1334a0c\" data-element_type=\"section\">\n\t\t\t\t\t\t<div class=\"elementor-container elementor-column-gap-default\">\n\t\t\t\t\t<div class=\"elementor-column elementor-col-100 elementor-top-column elementor-element elementor-element-05b2598\" data-id=\"05b2598\" data-element_type=\"column\">\n\t\t\t<div class=\"elementor-widget-wrap elementor-element-populated\">\n\t\t\t\t\t\t<div class=\"elementor-element elementor-element-d562818 elementor-widget elementor-widget-bin-section-title\" data-id=\"d562818\" data-element_type=\"widget\" data-widget_type=\"bin-section-title.default\">\n\t\t\t\t<div class=\"elementor-widget-container\">\n\t\t\t\t\t\t\t<div class=\"bi-section-title-1 headline pera-content text-left\">\n                <div class=\"bi-subtitle text-uppercase wow fadeInRight\"  data-wow-delay=\"200ms\" data-wow-duration=\"1000ms\">\n            Agence cr\u00e9ative Welcome        <\/div>\n                <h2 class=\"tx-split-text split-in-right\">Latest From the Blog<\/h2>\n\n            <\/div>\n\t    \t\t\t\t<\/div>\n\t\t\t\t<\/div>\n\t\t\t\t<div class=\"elementor-element elementor-element-2695f1e elementor-widget elementor-widget-bin-post-grid\" data-id=\"2695f1e\" data-element_type=\"widget\" data-widget_type=\"bin-post-grid.default\">\n\t\t\t\t<div class=\"elementor-widget-container\">\n\t\t\t\t\t    <div class=\"bi-blog-content\">\n                <div class=\"bi-blog-item bi-img-animation\">\n            <div class=\"row\">\n                <div class=\"col-lg-6\">\n                    <div class=\"bi-blog-img\">\n                                            <\/div>\n                <\/div>\n                <div class=\"col-lg-6\">\n                    <div class=\"bi-blog-text-area headline pera-content\">\n                        <div class=\"bi-blog-meta text-uppercase position-relative\">\n                            <a href=\"#\"><i class=\"fal fa-calendar-alt\"><\/i> 19 April 2026<\/a>\n                        <\/div>\n                        <div class=\"bi-blog-text\">\n                            <h3 class=\"tx-split-text split-in-right\"><a href=\"https:\/\/webisoft.tn\/fr\/working-together-ideas-come-to-life\/\">Working Together, ideas Come to Life<\/a><\/h3>\n                            <div class=\"bins-text\">\n                                <p>\n                                    No matter how big your company is, as you expand and reach new highs you\u2019ll want an agency to have your back. One with a process that has proven itself over and over again.                                <\/p>\n                            <\/div>\n                            <div class=\"bi-btn-1  bi-btn-area text-uppercase wow fadeInRight\"  data-wow-delay=\"200ms\" data-wow-duration=\"1000ms\">\n                                <a class=\"bi-btn-main  bi-btn-hover bi-btn-item\" href=\"https:\/\/webisoft.tn\/fr\/working-together-ideas-come-to-life\/\">  <span><\/span> Read more<\/a>\n                            <\/div>\n                        <\/div>\n                    <\/div>\n                <\/div>\n            <\/div>\n        <\/div>\n                <div class=\"bi-blog-item bi-img-animation\">\n            <div class=\"row flex-row-reverse\">\n                <div class=\"col-lg-6\">\n                    <div class=\"bi-blog-img\">\n                                            <\/div>\n                <\/div>\n                <div class=\"col-lg-6\">\n                    <div class=\"bi-blog-text-area headline pera-content\">\n                        <div class=\"bi-blog-meta text-uppercase position-relative\">\n                            <a href=\"#\"><i class=\"fal fa-calendar-alt\"><\/i> 19 April 2026<\/a>\n                        <\/div>\n                        <div class=\"bi-blog-text\">\n                            <h3 class=\"tx-split-text split-in-right\"><a href=\"https:\/\/webisoft.tn\/fr\/working-together-ideas-come-to-life-2\/\">Working Together, ideas Come to Life<\/a><\/h3>\n                            <div class=\"bins-text\">\n                                <p>\n                                    No matter how big your company is, as you expand and reach new highs you\u2019ll want an agency to have your back. One with a process that has proven itself over and over again.                                <\/p>\n                            <\/div>\n                            <div class=\"bi-btn-1  bi-btn-area text-uppercase wow fadeInRight\"  data-wow-delay=\"200ms\" data-wow-duration=\"1000ms\">\n                                <a class=\"bi-btn-main  bi-btn-hover bi-btn-item\" href=\"https:\/\/webisoft.tn\/fr\/working-together-ideas-come-to-life-2\/\">  <span><\/span> Read more<\/a>\n                            <\/div>\n                        <\/div>\n                    <\/div>\n                <\/div>\n            <\/div>\n        <\/div>\n            <\/div>\n    \t\t\t\t<\/div>\n\t\t\t\t<\/div>\n\t\t\t\t\t<\/div>\n\t\t<\/div>\n\t\t\t\t\t<\/div>\n\t\t<\/section>\n\t\t\t\t<\/div>","protected":false},"excerpt":{"rendered":"<p>Blog Two Home &nbsp; Welcome Creative Agency Latest From the Blog August 6, 2023 Working Together, ideas Come to Life No matter how big your company is, as you expand and reach new highs you\u2019ll want an agency to have your back. One with a process that has proven itself over and over again. Read [&hellip;]<\/p>","protected":false},"author":1,"featured_media":0,"parent":0,"menu_order":0,"comment_status":"closed","ping_status":"closed","template":"invite-template.php","meta":{"footnotes":""},"class_list":["post-2178","page","type-page","status-publish","hentry"],"yoast_head":"<!-- This site is optimized with the Yoast SEO Premium plugin v26.3 (Yoast SEO v26.3) - https:\/\/yoast.com\/wordpress\/plugins\/seo\/ -->\n<title>Blog Two - webisoft<\/title>\n<meta name=\"robots\" content=\"index, follow, max-snippet:-1, max-image-preview:large, max-video-preview:-1\" \/>\n<link rel=\"canonical\" href=\"https:\/\/webisoft.tn\/fr\/blog-two\/\" \/>\n<meta property=\"og:locale\" content=\"fr_FR\" \/>\n<meta property=\"og:type\" content=\"article\" \/>\n<meta property=\"og:title\" content=\"Blog Two\" \/>\n<meta property=\"og:description\" content=\"Blog Two Home &nbsp; Welcome Creative Agency Latest From the Blog August 6, 2023 Working Together, ideas Come to Life No matter how big your company is, as you expand and reach new highs you\u2019ll want an agency to have your back. One with a process that has proven itself over and over again. Read [&hellip;]\" \/>\n<meta property=\"og:url\" content=\"https:\/\/webisoft.tn\/fr\/blog-two\/\" \/>\n<meta property=\"og:site_name\" content=\"webisoft\" \/>\n<meta property=\"article:publisher\" content=\"https:\/\/www.facebook.com\/webisoft.tn\" \/>\n<meta property=\"og:image\" content=\"https:\/\/themexriver.com\/wp\/haptic-wp\/wp-content\/uploads\/2023\/06\/blog-606x440.jpg\" \/>\n<meta name=\"twitter:card\" content=\"summary_large_image\" \/>\n<script type=\"application\/ld+json\" class=\"yoast-schema-graph\">{\"@context\":\"https:\/\/schema.org\",\"@graph\":[{\"@type\":\"WebPage\",\"@id\":\"https:\/\/webisoft.tn\/blog-two\/\",\"url\":\"https:\/\/webisoft.tn\/blog-two\/\",\"name\":\"Blog Two - webisoft\",\"isPartOf\":{\"@id\":\"https:\/\/webisoft.tn\/#website\"},\"primaryImageOfPage\":{\"@id\":\"https:\/\/webisoft.tn\/blog-two\/#primaryimage\"},\"image\":{\"@id\":\"https:\/\/webisoft.tn\/blog-two\/#primaryimage\"},\"thumbnailUrl\":\"https:\/\/themexriver.com\/wp\/haptic-wp\/wp-content\/uploads\/2023\/06\/blog-606x440.jpg\",\"datePublished\":\"2023-07-18T08:29:32+00:00\",\"breadcrumb\":{\"@id\":\"https:\/\/webisoft.tn\/blog-two\/#breadcrumb\"},\"inLanguage\":\"fr-FR\",\"potentialAction\":[{\"@type\":\"ReadAction\",\"target\":[\"https:\/\/webisoft.tn\/blog-two\/\"]}]},{\"@type\":\"ImageObject\",\"inLanguage\":\"fr-FR\",\"@id\":\"https:\/\/webisoft.tn\/blog-two\/#primaryimage\",\"url\":\"https:\/\/themexriver.com\/wp\/haptic-wp\/wp-content\/uploads\/2023\/06\/blog-606x440.jpg\",\"contentUrl\":\"https:\/\/themexriver.com\/wp\/haptic-wp\/wp-content\/uploads\/2023\/06\/blog-606x440.jpg\"},{\"@type\":\"BreadcrumbList\",\"@id\":\"https:\/\/webisoft.tn\/blog-two\/#breadcrumb\",\"itemListElement\":[{\"@type\":\"ListItem\",\"position\":1,\"name\":\"Accueil\",\"item\":\"https:\/\/webisoft.tn\/\"},{\"@type\":\"ListItem\",\"position\":2,\"name\":\"Blog Two\"}]},{\"@type\":\"WebSite\",\"@id\":\"https:\/\/webisoft.tn\/#website\",\"url\":\"https:\/\/webisoft.tn\/\",\"name\":\"WEBISOFT-Agence de communication en Tunisie\",\"description\":\"Agence de communication &amp; cr\u00e9ation de sites web en Tunisie\",\"publisher\":{\"@id\":\"https:\/\/webisoft.tn\/#organization\"},\"alternateName\":\"webisoft\",\"potentialAction\":[{\"@type\":\"SearchAction\",\"target\":{\"@type\":\"EntryPoint\",\"urlTemplate\":\"https:\/\/webisoft.tn\/?s={search_term_string}\"},\"query-input\":{\"@type\":\"PropertyValueSpecification\",\"valueRequired\":true,\"valueName\":\"search_term_string\"}}],\"inLanguage\":\"fr-FR\"},{\"@type\":[\"Organization\",\"Place\"],\"@id\":\"https:\/\/webisoft.tn\/#organization\",\"name\":\"WEBISOFT\",\"alternateName\":\"Agence de communication en Tunisie\",\"url\":\"https:\/\/webisoft.tn\/\",\"logo\":{\"@id\":\"https:\/\/webisoft.tn\/blog-two\/#local-main-organization-logo\"},\"image\":{\"@id\":\"https:\/\/webisoft.tn\/blog-two\/#local-main-organization-logo\"},\"sameAs\":[\"https:\/\/www.facebook.com\/webisoft.tn\",\"https:\/\/www.instagram.com\/webi_soft\/\"],\"description\":\"Bienvenue chez Webisoft, votre partenaire cr\u00e9atif en Tunisie. Notre agence combine design web, d\u00e9veloppement et marketing digital pour concevoir des exp\u00e9riences en ligne sur mesure. Avec une \u00e9quipe passionn\u00e9e, nous allions imagination et expertise technique pour booster votre visibilit\u00e9 et faire grandir votre entreprise sur le web.\",\"telephone\":[],\"openingHoursSpecification\":[{\"@type\":\"OpeningHoursSpecification\",\"dayOfWeek\":[\"Monday\",\"Tuesday\",\"Wednesday\",\"Thursday\",\"Friday\",\"Saturday\",\"Sunday\"],\"opens\":\"09:00\",\"closes\":\"17:00\"}]},{\"@type\":\"ImageObject\",\"inLanguage\":\"fr-FR\",\"@id\":\"https:\/\/webisoft.tn\/blog-two\/#local-main-organization-logo\",\"url\":\"https:\/\/webisoft.tn\/wp-content\/uploads\/2023\/08\/LOGO-Webisoft.png\",\"contentUrl\":\"https:\/\/webisoft.tn\/wp-content\/uploads\/2023\/08\/LOGO-Webisoft.png\",\"width\":1901,\"height\":1488,\"caption\":\"WEBISOFT\"}]}<\/script>\n<!-- \/ Yoast SEO Premium plugin. -->","yoast_head_json":{"title":"Blog Two - webisoft","robots":{"index":"index","follow":"follow","max-snippet":"max-snippet:-1","max-image-preview":"max-image-preview:large","max-video-preview":"max-video-preview:-1"},"canonical":"https:\/\/webisoft.tn\/fr\/blog-two\/","og_locale":"fr_FR","og_type":"article","og_title":"Blog Two","og_description":"Blog Two Home &nbsp; Welcome Creative Agency Latest From the Blog August 6, 2023 Working Together, ideas Come to Life No matter how big your company is, as you expand and reach new highs you\u2019ll want an agency to have your back. One with a process that has proven itself over and over again. Read [&hellip;]","og_url":"https:\/\/webisoft.tn\/fr\/blog-two\/","og_site_name":"webisoft","article_publisher":"https:\/\/www.facebook.com\/webisoft.tn","og_image":[{"url":"https:\/\/themexriver.com\/wp\/haptic-wp\/wp-content\/uploads\/2023\/06\/blog-606x440.jpg","type":"","width":"","height":""}],"twitter_card":"summary_large_image","schema":{"@context":"https:\/\/schema.org","@graph":[{"@type":"WebPage","@id":"https:\/\/webisoft.tn\/blog-two\/","url":"https:\/\/webisoft.tn\/blog-two\/","name":"Blog Two - webisoft","isPartOf":{"@id":"https:\/\/webisoft.tn\/#website"},"primaryImageOfPage":{"@id":"https:\/\/webisoft.tn\/blog-two\/#primaryimage"},"image":{"@id":"https:\/\/webisoft.tn\/blog-two\/#primaryimage"},"thumbnailUrl":"https:\/\/themexriver.com\/wp\/haptic-wp\/wp-content\/uploads\/2023\/06\/blog-606x440.jpg","datePublished":"2023-07-18T08:29:32+00:00","breadcrumb":{"@id":"https:\/\/webisoft.tn\/blog-two\/#breadcrumb"},"inLanguage":"fr-FR","potentialAction":[{"@type":"ReadAction","target":["https:\/\/webisoft.tn\/blog-two\/"]}]},{"@type":"ImageObject","inLanguage":"fr-FR","@id":"https:\/\/webisoft.tn\/blog-two\/#primaryimage","url":"https:\/\/themexriver.com\/wp\/haptic-wp\/wp-content\/uploads\/2023\/06\/blog-606x440.jpg","contentUrl":"https:\/\/themexriver.com\/wp\/haptic-wp\/wp-content\/uploads\/2023\/06\/blog-606x440.jpg"},{"@type":"BreadcrumbList","@id":"https:\/\/webisoft.tn\/blog-two\/#breadcrumb","itemListElement":[{"@type":"ListItem","position":1,"name":"Accueil","item":"https:\/\/webisoft.tn\/"},{"@type":"ListItem","position":2,"name":"Blog Two"}]},{"@type":"WebSite","@id":"https:\/\/webisoft.tn\/#website","url":"https:\/\/webisoft.tn\/","name":"WEBISOFT-Agence de communication en Tunisie","description":"Agence de communication &amp; cr\u00e9ation de sites web en Tunisie","publisher":{"@id":"https:\/\/webisoft.tn\/#organization"},"alternateName":"webisoft","potentialAction":[{"@type":"SearchAction","target":{"@type":"EntryPoint","urlTemplate":"https:\/\/webisoft.tn\/?s={search_term_string}"},"query-input":{"@type":"PropertyValueSpecification","valueRequired":true,"valueName":"search_term_string"}}],"inLanguage":"fr-FR"},{"@type":["Organization","Place"],"@id":"https:\/\/webisoft.tn\/#organization","name":"WEBISOFT","alternateName":"Agence de communication en Tunisie","url":"https:\/\/webisoft.tn\/","logo":{"@id":"https:\/\/webisoft.tn\/blog-two\/#local-main-organization-logo"},"image":{"@id":"https:\/\/webisoft.tn\/blog-two\/#local-main-organization-logo"},"sameAs":["https:\/\/www.facebook.com\/webisoft.tn","https:\/\/www.instagram.com\/webi_soft\/"],"description":"Bienvenue chez Webisoft, votre partenaire cr\u00e9atif en Tunisie. Notre agence combine design web, d\u00e9veloppement et marketing digital pour concevoir des exp\u00e9riences en ligne sur mesure. Avec une \u00e9quipe passionn\u00e9e, nous allions imagination et expertise technique pour booster votre visibilit\u00e9 et faire grandir votre entreprise sur le web.","telephone":[],"openingHoursSpecification":[{"@type":"OpeningHoursSpecification","dayOfWeek":["Monday","Tuesday","Wednesday","Thursday","Friday","Saturday","Sunday"],"opens":"09:00","closes":"17:00"}]},{"@type":"ImageObject","inLanguage":"fr-FR","@id":"https:\/\/webisoft.tn\/blog-two\/#local-main-organization-logo","url":"https:\/\/webisoft.tn\/wp-content\/uploads\/2023\/08\/LOGO-Webisoft.png","contentUrl":"https:\/\/webisoft.tn\/wp-content\/uploads\/2023\/08\/LOGO-Webisoft.png","width":1901,"height":1488,"caption":"WEBISOFT"}]}},"_links":{"self":[{"href":"https:\/\/webisoft.tn\/fr\/wp-json\/wp\/v2\/pages\/2178","targetHints":{"allow":["GET"]}}],"collection":[{"href":"https:\/\/webisoft.tn\/fr\/wp-json\/wp\/v2\/pages"}],"about":[{"href":"https:\/\/webisoft.tn\/fr\/wp-json\/wp\/v2\/types\/page"}],"author":[{"embeddable":true,"href":"https:\/\/webisoft.tn\/fr\/wp-json\/wp\/v2\/users\/1"}],"replies":[{"embeddable":true,"href":"https:\/\/webisoft.tn\/fr\/wp-json\/wp\/v2\/comments?post=2178"}],"version-history":[{"count":0,"href":"https:\/\/webisoft.tn\/fr\/wp-json\/wp\/v2\/pages\/2178\/revisions"}],"wp:attachment":[{"href":"https:\/\/webisoft.tn\/fr\/wp-json\/wp\/v2\/media?parent=2178"}],"curies":[{"name":"wp","href":"https:\/\/api.w.org\/{rel}","templated":true}]}}